{"id":2904,"date":"2026-01-14T02:33:12","date_gmt":"2026-01-13T23:33:12","guid":{"rendered":"https:\/\/flamencomall.com\/?post_type=product&#038;p=2904"},"modified":"2026-01-27T22:35:13","modified_gmt":"2026-01-27T19:35:13","slug":"petit-bebe-messenger-bag-for-unisex-beige","status":"publish","type":"product","link":"https:\/\/flamencomall.com\/ar\/product\/petit-bebe-messenger-bag-for-unisex-beige\/","title":{"rendered":"P\u00e9tit B\u00e9b\u00e9 Messenger Bag For Unisex , Beige"},"content":{"rendered":"","protected":false},"excerpt":{"rendered":"","protected":false},"featured_media":2907,"comment_status":"open","ping_status":"closed","template":"","meta":[],"etheme_brands":[],"product_brand":[99],"product_cat":[105],"product_tag":[],"class_list":{"0":"post-2904","1":"product","2":"type-product","3":"status-publish","4":"has-post-thumbnail","6":"product_brand-petit-bebe","7":"product_cat-mommy-bag","9":"first","10":"instock","11":"shipping-taxable","12":"purchasable","13":"product-type-simple"},"_links":{"self":[{"href":"https:\/\/flamencomall.com\/ar\/wp-json\/wp\/v2\/product\/2904","targetHints":{"allow":["GET"]}}],"collection":[{"href":"https:\/\/flamencomall.com\/ar\/wp-json\/wp\/v2\/product"}],"about":[{"href":"https:\/\/flamencomall.com\/ar\/wp-json\/wp\/v2\/types\/product"}],"replies":[{"embeddable":true,"href":"https:\/\/flamencomall.com\/ar\/wp-json\/wp\/v2\/comments?post=2904"}],"version-history":[{"count":1,"href":"https:\/\/flamencomall.com\/ar\/wp-json\/wp\/v2\/product\/2904\/revisions"}],"predecessor-version":[{"id":2908,"href":"https:\/\/flamencomall.com\/ar\/wp-json\/wp\/v2\/product\/2904\/revisions\/2908"}],"wp:featuredmedia":[{"embeddable":true,"href":"https:\/\/flamencomall.com\/ar\/wp-json\/wp\/v2\/media\/2907"}],"wp:attachment":[{"href":"https:\/\/flamencomall.com\/ar\/wp-json\/wp\/v2\/media?parent=2904"}],"wp:term":[{"taxonomy":"brand","embeddable":true,"href":"https:\/\/flamencomall.com\/ar\/wp-json\/wp\/v2\/etheme_brands?post=2904"},{"taxonomy":"product_brand","embeddable":true,"href":"https:\/\/flamencomall.com\/ar\/wp-json\/wp\/v2\/product_brand?post=2904"},{"taxonomy":"product_cat","embeddable":true,"href":"https:\/\/flamencomall.com\/ar\/wp-json\/wp\/v2\/product_cat?post=2904"},{"taxonomy":"product_tag","embeddable":true,"href":"https:\/\/flamencomall.com\/ar\/wp-json\/wp\/v2\/product_tag?post=2904"}],"curies":[{"name":"wp","href":"https:\/\/api.w.org\/{rel}","templated":true}]}}